{"id":25568,"date":"2016-03-23T10:25:58","date_gmt":"2016-03-23T09:25:58","guid":{"rendered":"http:\/\/iheartalice.com\/en\/?page_id=25568"},"modified":"2016-03-23T10:25:58","modified_gmt":"2016-03-23T09:25:58","slug":"about","status":"publish","type":"page","link":"https:\/\/iheartalice.com\/en\/about\/","title":{"rendered":"About"},"content":{"rendered":"<p><a href=\"https:\/\/heartalice.files.wordpress.com\/2012\/08\/iheartalice_portrait2015-kopie.jpg\"><img loading=\"lazy\" decoding=\"async\" class=\"alignnone size-full wp-image-19032\" src=\"https:\/\/heartalice.files.wordpress.com\/2012\/08\/iheartalice_portrait2015-kopie.jpg\" alt=\"IHEARTALICE_portrait2015 Kopie\" width=\"720\" height=\"560\" \/><\/a><\/p>\n<h6 style=\"text-align: justify;\"><span style=\"text-decoration: underline;\">Alice M. Huynh<\/span><\/h6>\n<p style=\"text-align: justify;\">&#8220;Women who wear black lead colorful lives.&#8221; \u2013 Ich bin Alice: Tr\u00e4umerin, Bloggerin, Designer &amp; Weltenbummler aus Deutschland mit Wurzeln in Vietnam &amp; China. Ich lebte einige Jahre in\u00a0M\u00fcnchen, studierte dort Modedesign, zwischendrin konnte ich New York City mein zu Hause und Alexander Wang meinen Chef nennen! Jetzt lebe ich in Berlin und das Abenteuer geht weiter!<\/p>\n<p style=\"text-align: justify;\">Durch das handwerkliche Mode-Design Studium habe ich die M\u00f6glichkeit die Mode aus einem anderen Winkel zu betrachten und diese sogar nach Wunsch selber zu kreieren.\u00a0Durch diverse Preise und Pr\u00e4sentationen w\u00e4hrend der Fashion Week, konnte ich mir auch schon als Jungdesigner unter meinem gleichnamigen Label, einen Namen machen. Auch die S\u00fcddeutsche Zeitung, The Blonde Salad by Ciara Ferragni etc. wurden schon darauf aufmerksam und berichteten \u00fcber meine Kollektionen.<br \/>\nGenau wie meine Namensvetterin in Lewis Carroll&#8217;s Geschichten suche nun auch ich weiterhin nach Abenteuern und Herausforderungen.\u00a0Folgt mir auf meiner inspirierenden Reise durch Mode und die Welt!<\/p>\n<blockquote>\n<p style=\"text-align: justify;\">&#8220;Women who wear black lead colorful lives.&#8221;\u00a0\u2013 And this is my Blog &#8220;I heart Alice&#8221;!\u00a0I am Alice, a dreamer, young fashion designer and blogger from Germany with\u00a0roots in Vietnam &amp; China.\u00a0I\u00a0used to live in Munich, then in New York City to work for Alexander Wang and\u00a0soon in Berlin!<br \/>\nWhile working on her own label, she already got recognize by one of Germany&#8217;s biggest newspaper\u00a0S\u00fcddeutsche Zeitung\u00a0as well as online by\u00a0The Blonde Salad by Ciara Ferragni. And just like in Lewis Carroll&#8217;s fairytales I am always looking for new adventures and challenges. Come join me on this inspirational journey through fashion and the world!<\/p>\n<\/blockquote>\n<h6 style=\"text-align: justify;\"><span style=\"text-decoration: underline;\">Ethik \/ Ethics<\/span><\/h6>\n<p style=\"text-align: justify;\">Authentizit\u00e4t und Pers\u00f6nlichkeit stehen bei &#8220;I heart Alice&#8221; im Vordergrund.\u00a0Bewusster Konsum mit Fokus auf Nachhaltigkeit und guter Qualit\u00e4t ist nicht nur wichtig f\u00fcr mich und meinem Blog, sondern auch f\u00fcr meine Leser und Follower.\u00a0<span style=\"line-height: 1.7;\">Diese Aspekte sind mir vor allem\u00a0bei Kooperationen mit Firmen &amp; Marken sehr wichtig.\u00a0<\/span><span style=\"line-height: 1.7;\">Auch wenn ich\u00a0bezahlte Beitr\u00e4ge annimmt, werden diese\u00a0vorher selektiert und auf die oben genannten Punkte abgestimmt.<br \/>\nAlle bezahlten Betr\u00e4ge werden markiert.<br \/>\n<\/span><\/p>\n<blockquote>\n<p style=\"text-align: justify;\">Authenticity and personality is what makes &#8220;I heart Alice&#8221; special. Environmentally awareness with focus on good quality and craftmanship is not only important for my blog but also important for my readers and followers.<br \/>\nPlease note\u00a0that\u00a0I only cooperate with companies and brands that can fulfill\u00a0these aspects.<br \/>\nAll advertorials will be marked correctly.<\/p>\n<\/blockquote>\n<h6 style=\"text-align: justify;\"><span style=\"text-decoration: underline;\">Referenzen \/ References<\/span><\/h6>\n<p>Mercedes-Benz Fashion Week Tokyo (2015)<br \/>\nBlogger Testimonial for gds \u2013 international shoe fair (2015)<br \/>\nNationawide TV-commercial spot f\u00fcr Blogwalk (2014 &#8211; 2015)<br \/>\nMBFW New York: Backstage at Alexander Wang (2013)<br \/>\n<span style=\"line-height: 1.7;\">Starbucks Discoveries Fashion Talent Award &amp; Show during MBFW Berlin (2013)<br \/>\n<\/span>Online-commercial spot for Outletcity Metzingen (2013)<br \/>\nBlogger Testimonial for HAIRMEETSWARDROBE with Toni&amp;Guy (2012)<\/p>\n<p>Companes &amp; brands who have worked with &#8220;I heart Alice&#8221;:<br \/>\nKarl Lagerfeld, Emporio Armani, Akris, Ralph Lauren,\u00a0Marc Cain, Giorgio Armani Beauty, Bobbi Brown, Av\u00e8ne, Hyatt Regency Hotels, AirBnB, HTC, HUAWEI, Olympus, Seat &#8230;<br \/>\nYou can find more informations in my Media-Kit, please <a href=\"http:\/\/iheartalice.com\/contact\/\" target=\"_blank\">contact here<\/a> for more.<\/p>\n<h6 style=\"text-align: justify;\"><span style=\"text-decoration: underline;\">Presse \/ Press<\/span><\/h6>\n<div class=\"page\" title=\"Page 6\">\n<div class=\"section\">\n<div class=\"layoutArea\">\n<div class=\"column\">\n<p>\u201eAlice M. Huynh: Reinventing all-black looks each day \u2013 with exciting shapes, materials and details.\u201c &#8211; <strong>ELLE <\/strong>(2015)<strong><br \/>\n<\/strong><\/p>\n<\/div>\n<\/div>\n<\/div>\n<\/div>\n<p style=\"text-align: justify;\">&#8220;DESIGNER 2 KNOW: ALICE M. HUYNH&#8221; \u2013 <strong>The Blonde Salad by Chiara Ferragni <\/strong>(2015)<\/p>\n<p style=\"text-align: justify;\">&#8220;We heart Alice!&#8221; \u2013\u00a0<strong>AMICA Online<\/strong> (2011)<\/p>\n<p style=\"text-align: justify;\">&#8220;Auf dem beliebten Blog von Glamcanyon zeigt sich Alice wieder mit Hut, bei Styleclicker im eleganten Kleid. Immer eine kecke Pose auf Lager, stets in ungew\u00f6hnliche Stoffe geh\u00fcllt.&#8221; \u2013\u00a0<strong>S\u00fcddeutsche Zeitung<\/strong> (2011)<\/p>\n<p style=\"text-align: justify;\">&#8220;[&#8230;] die coolsten Outfits und was das Herz sonst noch begehrt.<br \/>\nKlickt doch mal vorbei!&#8221; &#8211;<strong> Jolie Online<\/strong> (2011)<\/p>\n<p style=\"text-align: justify;\">&#8220;I heart Alice has certainly created a web presence for herself and proved that she has a place in the German fashion industry. With thousands of followers and a great, progressive fashion sense she is definitely one to watch. Her simple yet innovative outfits on BFW has stirred up the scene for sure.&#8221; &#8211; <strong>BANG BANG BERLIN <\/strong>(2011)<\/p>\n<p style=\"text-align: justify;\">&#8220;Dichter und Querdenker\u00a0\u2013\u00a0Diese jungen Menschen sorgen 2015 daf\u00fcr, dass M\u00fcnchen bunt, spannend und lebenswert bleibt.&#8221; \u2013<strong> S\u00fcddeutsche Zeitung<\/strong> (2014)<\/p>\n<p style=\"text-align: justify;\">&#8220;In der Welt der Modebloggerinnen ist sie eine der auffallensten.&#8221; &#8211; <strong>LAXmag<\/strong> (2011)<\/p>\n<p style=\"text-align: justify;\">&#8220;We truly appreciate your great sense of style&#8230;&#8221; &#8211;<strong> Marc Cain<\/strong> (2012)<\/p>\n<p style=\"text-align: justify;\">&#8220;She is the coolest bitch in Munich and currently one of the hottest<br \/>\noutfit bloggers from Germany.&#8221; &#8211;<strong> IheartBerlin.de <\/strong>(2012)<\/p>\n<p style=\"text-align: justify;\"><em>&#8220;<\/em>Wer diese Stadt im kommenden Jahr bunter und lebenswerter macht? Wir wissen es nicht. Und wagen trotzdem einen Ausblick: M\u00fcnchens junge Leute 2014.&#8221; \u2013<strong> S\u00fcddeutsche Zeitung<\/strong> (2013)<\/p>\n<p><a href=\"https:\/\/heartalice.files.wordpress.com\/2012\/09\/iheartalice_press.jpg\"><img loading=\"lazy\" decoding=\"async\" class=\"alignnone size-full wp-image-19025\" src=\"https:\/\/heartalice.files.wordpress.com\/2012\/09\/iheartalice_press.jpg\" alt=\"IHEARTALICE_press\" width=\"720\" height=\"417\" \/><\/a><\/p>\n","protected":false},"excerpt":{"rendered":"<p>Alice M. Huynh<br \/>\n&#8220;Women who wear black lead colorful lives.&#8221; \u2013 Ich bin Alice: Tr\u00e4umerin, Bloggerin, Designer &amp; Weltenbummler aus Deutschland mit Wurzeln in Vietnam &amp;<\/p>\n","protected":false},"author":1,"featured_media":0,"parent":0,"menu_order":1,"comment_status":"closed","ping_status":"closed","template":"","meta":{"_exactmetrics_skip_tracking":false,"_exactmetrics_sitenote_active":false,"_exactmetrics_sitenote_note":"","_exactmetrics_sitenote_category":0,"footnotes":""},"tags":[],"class_list":["post-25568","page","type-page","status-publish","hentry"],"aioseo_notices":[],"_links":{"self":[{"href":"https:\/\/iheartalice.com\/en\/wp-json\/wp\/v2\/pages\/25568","targetHints":{"allow":["GET"]}}],"collection":[{"href":"https:\/\/iheartalice.com\/en\/wp-json\/wp\/v2\/pages"}],"about":[{"href":"https:\/\/iheartalice.com\/en\/wp-json\/wp\/v2\/types\/page"}],"author":[{"embeddable":true,"href":"https:\/\/iheartalice.com\/en\/wp-json\/wp\/v2\/users\/1"}],"replies":[{"embeddable":true,"href":"https:\/\/iheartalice.com\/en\/wp-json\/wp\/v2\/comments?post=25568"}],"version-history":[{"count":1,"href":"https:\/\/iheartalice.com\/en\/wp-json\/wp\/v2\/pages\/25568\/revisions"}],"predecessor-version":[{"id":25570,"href":"https:\/\/iheartalice.com\/en\/wp-json\/wp\/v2\/pages\/25568\/revisions\/25570"}],"wp:attachment":[{"href":"https:\/\/iheartalice.com\/en\/wp-json\/wp\/v2\/media?parent=25568"}],"wp:term":[{"taxonomy":"post_tag","embeddable":true,"href":"https:\/\/iheartalice.com\/en\/wp-json\/wp\/v2\/tags?post=25568"}],"curies":[{"name":"wp","href":"https:\/\/api.w.org\/{rel}","templated":true}]}}