{"id":25565,"date":"2016-03-23T10:25:45","date_gmt":"2016-03-23T09:25:45","guid":{"rendered":"http:\/\/iheartalice.com\/en\/?page_id=25565"},"modified":"2016-03-23T10:25:45","modified_gmt":"2016-03-23T09:25:45","slug":"team","status":"publish","type":"page","link":"https:\/\/iheartalice.com\/en\/team\/","title":{"rendered":"Team"},"content":{"rendered":"<p style=\"text-align: center;\">Hier gibt es einen \u00dcberblick \u00fcber das ganze I heart Alice Team, deren Gr\u00fcnder sowie Contributer:<\/p>\n<p><a href=\"http:\/\/iheartalice.de\/2015\/11\/08\/black-canada-goose-kensington-parka-in-iceland\/\"><img loading=\"lazy\" decoding=\"async\" class=\"alignnone wp-image-21441 size-full\" src=\"https:\/\/heartalice.files.wordpress.com\/2015\/11\/iheartalice_canadagoose_kensington_parka_iceland_traveldiary_02.jpg\" alt=\"IHEARTALICE.DE - Fashion, Lifestyle &amp; Travel-Blog from Berlin\/Germany by Alice M. Huynh: Travel Diary with Black Canada Goose Kensington Parka &amp; CAT Footwear in Iceland \/ Black Sand Beach \/ Travel-Diary\" width=\"720\" height=\"480\" \/><\/a><\/p>\n<h6>Alice M. Huynh \u2013 Founder &amp; Editor in Chief<\/h6>\n<p style=\"text-align: justify;\">Alice gr\u00fcndete 2008 ihren Blog &#8220;<a href=\"http:\/\/iheartalice.com\" target=\"_blank\">I heart Alice<\/a>&#8221; und geh\u00f6rt somit zu den ersten Bloggern in Deutschland. Ihre Wurzeln liegen in China &amp; Vietnam, wuchs aber im Allg\u00e4u auf. 2015 hat sie ihr Modedesign Studium in M\u00fcnchen abgeschlossen und ist seitdem hauptberuflich Bloggerin. Alice ist ein Globetrotter, liebt ferne L\u00e4nder, leckeres Essen aus der ganzen Welt und die Farbe schwarz. Momentan lebt und arbeitet sie in Berlin. Ein ausf\u00fchrliches Profil sowie Referenzen und Presse-Clippings, gibt es auf der <a href=\"http:\/\/iheartalice.com\/about\/\" target=\"_blank\">About Seite<\/a>. Alle Beitr\u00e4ge von Alice gibt es <a href=\"http:\/\/iheartalice.com\/author\/heartalice\/\" target=\"_blank\">hier<\/a>.<\/p>\n<p>&nbsp;<\/p>\n<p><a href=\"https:\/\/heartalice.files.wordpress.com\/2015\/09\/iheartalice_yvihuynh_01a.jpg\"><img loading=\"lazy\" decoding=\"async\" class=\"alignnone size-full wp-image-21153\" src=\"https:\/\/heartalice.files.wordpress.com\/2015\/09\/iheartalice_yvihuynh_01a.jpg\" alt=\"IHEARTALICE_YviHuynh_01a\" width=\"720\" height=\"480\" \/><\/a><\/p>\n<h6>Yvi Huynh \u2013 Editor<\/h6>\n<p style=\"text-align: justify;\">Der Freitag geh\u00f6rt <a href=\"http:\/\/instagram.com\/yvihu\" target=\"_blank\">Yvi<\/a>, denn an ihrem pers\u00f6nlichen &#8220;<a href=\"http:\/\/iheartalice.com\/tag\/yvi-huynh\/\" target=\"_blank\">Food Friday<\/a>&#8221; gibt es leckere Rezepte zum nachkochen und backen. Sie ist 23 Jahre jung und studiert Psychologie im Master in Innsbruck, \u00d6sterreich. Neben ihrer Leideschaft zum Kochen und zum Sport, modelt sie f\u00fcr Labels wie Adidas Originals oder Burton. Der Nachname ist zudem kein Zufall, denn Yvi ist Alice&#8217;s j\u00fcngere Schwester! Alle Beitr\u00e4ge von Yvi gibt es <a href=\"http:\/\/iheartalice.com\/author\/huynhyvi\/\" target=\"_blank\">hier<\/a>.<\/p>\n<p>&nbsp;<\/p>\n<p><a href=\"http:\/\/iheartalice.com\/wp-content\/uploads\/2015\/12\/aivypham.jpg\" rel=\"attachment wp-att-23817\"><img loading=\"lazy\" decoding=\"async\" class=\"alignnone size-full wp-image-23817\" src=\"http:\/\/iheartalice.com\/wp-content\/uploads\/2015\/12\/aivypham.jpg\" alt=\"I heart Alice Contributor\" width=\"2048\" height=\"1365\" srcset=\"https:\/\/iheartalice.com\/wp-content\/uploads\/2015\/12\/aivypham.jpg 2048w, https:\/\/iheartalice.com\/wp-content\/uploads\/2015\/12\/aivypham-300x200.jpg 300w, https:\/\/iheartalice.com\/wp-content\/uploads\/2015\/12\/aivypham-768x512.jpg 768w, https:\/\/iheartalice.com\/wp-content\/uploads\/2015\/12\/aivypham-1024x683.jpg 1024w, https:\/\/iheartalice.com\/wp-content\/uploads\/2015\/12\/aivypham-1600x1066.jpg 1600w, https:\/\/iheartalice.com\/wp-content\/uploads\/2015\/12\/aivypham-1200x800.jpg 1200w, https:\/\/iheartalice.com\/wp-content\/uploads\/2015\/12\/aivypham-840x560.jpg 840w, https:\/\/iheartalice.com\/wp-content\/uploads\/2015\/12\/aivypham-420x280.jpg 420w, https:\/\/iheartalice.com\/wp-content\/uploads\/2015\/12\/aivypham-100x67.jpg 100w, https:\/\/iheartalice.com\/wp-content\/uploads\/2015\/12\/aivypham-900x600.jpg 900w, https:\/\/iheartalice.com\/wp-content\/uploads\/2015\/12\/aivypham-600x400.jpg 600w\" sizes=\"auto, (max-width: 2048px) 100vw, 2048px\" \/><\/a><\/p>\n<h6>Aivy Pham \u2013 Editor<\/h6>\n<p style=\"text-align: justify;\">Vi oder auch <a href=\"http:\/\/vipham.de\" target=\"_blank\">Aivy Pham<\/a>, ist eine freiberufliche Illustratorin, Art Director, Grafik Designerin sowie Gr\u00fcnderin des Stationary Label \u201e<a href=\"http:\/\/theaivyleague.com\" target=\"_blank\">The Aivy League<\/a>\u201c aus M\u00fcnchen. Aivy berichtet vor allem \u00fcber ihre Reisen und Illustrationen \u2013 egal ob beim Surfen in Bali, Snowboarden in Tirol oder eine spirituelle Reise nach Indien, ihre Kamera und ihr Sketchbook, sind immer mit dabei. Diese h\u00e4lt sie visuell auf dem <a href=\"http:\/\/youtube.com\/bunbaochannel\" target=\"_blank\">Youtube-Kanal BUN BAO<\/a> fest, den sie 2014 mit Alice gegr\u00fcndet hat. Alle Beitr\u00e4ge von Aivy gibt es <a href=\"http:\/\/iheartalice.com\/author\/vipham87\/\" target=\"_blank\">hier<\/a>.<\/p>\n","protected":false},"excerpt":{"rendered":"<p>Hier gibt es einen \u00dcberblick \u00fcber das ganze I heart Alice Team, deren Gr\u00fcnder sowie Contributer:<\/p>\n<p>Alice M. Huynh \u2013 Founder &amp;<\/p>\n","protected":false},"author":1,"featured_media":0,"parent":0,"menu_order":0,"comment_status":"closed","ping_status":"closed","template":"","meta":{"_exactmetrics_skip_tracking":false,"_exactmetrics_sitenote_active":false,"_exactmetrics_sitenote_note":"","_exactmetrics_sitenote_category":0,"footnotes":""},"tags":[],"class_list":["post-25565","page","type-page","status-publish","hentry"],"aioseo_notices":[],"_links":{"self":[{"href":"https:\/\/iheartalice.com\/en\/wp-json\/wp\/v2\/pages\/25565","targetHints":{"allow":["GET"]}}],"collection":[{"href":"https:\/\/iheartalice.com\/en\/wp-json\/wp\/v2\/pages"}],"about":[{"href":"https:\/\/iheartalice.com\/en\/wp-json\/wp\/v2\/types\/page"}],"author":[{"embeddable":true,"href":"https:\/\/iheartalice.com\/en\/wp-json\/wp\/v2\/users\/1"}],"replies":[{"embeddable":true,"href":"https:\/\/iheartalice.com\/en\/wp-json\/wp\/v2\/comments?post=25565"}],"version-history":[{"count":1,"href":"https:\/\/iheartalice.com\/en\/wp-json\/wp\/v2\/pages\/25565\/revisions"}],"predecessor-version":[{"id":25567,"href":"https:\/\/iheartalice.com\/en\/wp-json\/wp\/v2\/pages\/25565\/revisions\/25567"}],"wp:attachment":[{"href":"https:\/\/iheartalice.com\/en\/wp-json\/wp\/v2\/media?parent=25565"}],"wp:term":[{"taxonomy":"post_tag","embeddable":true,"href":"https:\/\/iheartalice.com\/en\/wp-json\/wp\/v2\/tags?post=25565"}],"curies":[{"name":"wp","href":"https:\/\/api.w.org\/{rel}","templated":true}]}}